{"id":1932,"date":"2021-01-11T17:25:00","date_gmt":"2021-01-11T17:25:00","guid":{"rendered":"https:\/\/abuse.crto.on.ca\/introduction\/"},"modified":"2021-01-11T17:25:04","modified_gmt":"2021-01-11T17:25:04","slug":"introduction","status":"publish","type":"page","link":"https:\/\/abuse.crto.on.ca\/fr\/introduction\/","title":{"rendered":"Introduction"},"content":{"rendered":"<p>[et_pb_section fb_built=\u00a0\u00bb1&Prime; _builder_version=\u00a0\u00bb4.6.6&Prime; background_image=\u00a0\u00bbhttps:\/\/abuse.crto.on.ca\/wp-content\/uploads\/sites\/2\/2020\/12\/crto-purplepattern-crop-2.jpg\u00a0\u00bb parallax=\u00a0\u00bbon\u00a0\u00bb parallax_method=\u00a0\u00bboff\u00a0\u00bb][et_pb_row _builder_version=\u00a0\u00bb3.25&Prime; background_size=\u00a0\u00bbinitial\u00a0\u00bb background_position=\u00a0\u00bbtop_left\u00a0\u00bb background_repeat=\u00a0\u00bbrepeat\u00a0\u00bb][et_pb_column type=\u00a0\u00bb4_4&Prime; _builder_version=\u00a0\u00bb3.25&Prime; custom_padding=\u00a0\u00bb|||\u00a0\u00bb custom_padding__hover=\u00a0\u00bb|||\u00a0\u00bb][et_pb_text admin_label=\u00a0\u00bbABOUT THE STANDARDS\u00a0\u00bb _builder_version=\u00a0\u00bb4.6.6&Prime; module_alignment=\u00a0\u00bbleft\u00a0\u00bb]<\/p>\n<h1><strong>INTRODUCTION<\/strong><\/h1>\n<p>[\/et_pb_text][\/et_pb_column][\/et_pb_row][\/et_pb_section][et_pb_section fb_built=\u00a0\u00bb1&Prime; _builder_version=\u00a0\u00bb4.6.6&Prime; custom_padding=\u00a0\u00bb0px||3px|||\u00a0\u00bb][et_pb_row use_custom_gutter=\u00a0\u00bbon\u00a0\u00bb gutter_width=\u00a0\u00bb1&Prime; module_class=\u00a0\u00bb et_pb_row_fullwidth\u00a0\u00bb _builder_version=\u00a0\u00bb4.6.6&Prime; width=\u00a0\u00bb100%\u00a0\u00bb width_tablet=\u00a0\u00bb100%\u00a0\u00bb width_phone=\u00a0\u00bb\u00a0\u00bb width_last_edited=\u00a0\u00bbon|desktop\u00a0\u00bb max_width=\u00a0\u00bb100%\u00a0\u00bb max_width_tablet=\u00a0\u00bb100%\u00a0\u00bb max_width_phone=\u00a0\u00bb\u00a0\u00bb max_width_last_edited=\u00a0\u00bbon|desktop\u00a0\u00bb custom_padding=\u00a0\u00bb0px||0px|\u00a0\u00bb make_fullwidth=\u00a0\u00bbon\u00a0\u00bb][et_pb_column type=\u00a0\u00bb4_4&Prime; _builder_version=\u00a0\u00bb3.25&Prime; custom_padding=\u00a0\u00bb|||\u00a0\u00bb custom_padding__hover=\u00a0\u00bb|||\u00a0\u00bb][et_pb_divider color=\u00a0\u00bb#696BAE\u00a0\u00bb divider_weight=\u00a0\u00bb3&Prime; disabled_on=\u00a0\u00bboff|off|off\u00a0\u00bb _builder_version=\u00a0\u00bb4.6.6&Prime; height=\u00a0\u00bb0px\u00a0\u00bb hide_on_mobile=\u00a0\u00bbon\u00a0\u00bb][\/et_pb_divider][\/et_pb_column][\/et_pb_row][\/et_pb_section][et_pb_section fb_built=\u00a0\u00bb1&Prime; custom_padding_last_edited=\u00a0\u00bbon|desktop\u00a0\u00bb _builder_version=\u00a0\u00bb4.6.6&Prime; module_alignment=\u00a0\u00bbcenter\u00a0\u00bb custom_padding=\u00a0\u00bb150px||210px||false|false\u00a0\u00bb custom_padding_tablet=\u00a0\u00bb\u00a0\u00bb custom_padding_phone=\u00a0\u00bb\u00a0\u00bb][et_pb_row _builder_version=\u00a0\u00bb3.25&Prime; background_size=\u00a0\u00bbinitial\u00a0\u00bb background_position=\u00a0\u00bbtop_left\u00a0\u00bb background_repeat=\u00a0\u00bbrepeat\u00a0\u00bb][et_pb_column type=\u00a0\u00bb4_4&Prime; _builder_version=\u00a0\u00bb3.25&Prime; custom_padding=\u00a0\u00bb|||\u00a0\u00bb custom_padding__hover=\u00a0\u00bb|||\u00a0\u00bb][et_pb_text admin_label=\u00a0\u00bbThe Standards of Practice\u00a0\u00bb _builder_version=\u00a0\u00bb4.6.6&Prime; module_alignment=\u00a0\u00bbleft\u00a0\u00bb hover_enabled=\u00a0\u00bb0&Prime; sticky_enabled=\u00a0\u00bb0&Prime;]<\/p>\n<p style=\"text-align: justify;\">La <em><strong>Loi sur les professions de la sant\u00e9 r\u00e9glement\u00e9es<\/strong><\/em> (LPSR) exige que tous les ordres r\u00e9glementant une profession de la sant\u00e9 en Ontario se dotent de mesures pour pr\u00e9venir et g\u00e9rer les mauvais traitements d\u2019ordre sexuel inflig\u00e9s aux patients\/clients et pour encourager le signalement de ces mauvais traitements. Bien que cette disposition de la LPSR aborde express\u00e9ment la pr\u00e9vention des mauvais traitements d\u2019ordre sexuel, les th\u00e9rapeutes respiratoires (inscrits, dipl\u00f4m\u00e9s, auxiliaires et inactifs) doivent noter que toute forme de mauvais traitement (p. ex., verbal, physique, \u00e9motif, financier) ne sera pas tol\u00e9r\u00e9e et pourrait \u00eatre consid\u00e9r\u00e9e comme une faute professionnelle par l\u2019Ordre des th\u00e9rapeutes respiratoires de l\u2019Ontario (OTRO). Ces lignes directrices de pratique font la distinction entre les mauvais traitements d\u2019ordre sexuel et les autres formes de mauvais traitement. Ces lignes directrices de pratique font la distinction entre les mauvais traitements d\u2019ordre sexuel et les autres formes de mauvais traitement. Une section de ces lignes directrices traite \u00e9galement des cons\u00e9quences de la Loi sur les services \u00e0 l\u2019enfance et \u00e0 la famille sur la pratique de la th\u00e9rapie respiratoire.<\/p>\n<h5><strong><\/strong><\/h5>\n<h5><strong>Ces lignes directrices sont divis\u00e9es en deux sections principales :<\/strong><\/h5>\n<ol>\n<li><strong>Sensibilisation aux mauvais traitements<\/strong>\u2013 comprendre les besoins des patients\/clients qui ont \u00e9t\u00e9 victimes ou sont victimes d\u2019une forme de violence interpersonnelle<\/li>\n<li><strong>Pr\u00e9vention des mauvais traitements<\/strong> \u2013 s\u2019assurer que les th\u00e9rapeutes respiratoires ne commettent pas de mauvais traitements ou de harc\u00e8lement de quelque fa\u00e7on que ce soit, et qu\u2019ils signalent les mauvais traitements s\u2019ils en sont t\u00e9moins. Cette section englobe la conduite professionnelle, qui stipule les attentes envers les th\u00e9rapeutes respiratoires dans le cadre de leurs relations th\u00e9rapeutiques et professionnelles.<br \/> \u2022 Conduite professionnelle &#8211; Attentes envers les th\u00e9rapeutes respiratoires dans le cadre de leurs relations th\u00e9rapeutiques et professionnelles.<\/li>\n<li><strong>Responsabilit\u00e9s des membres en mati\u00e8re de pr\u00e9vention des mauvais traitements<\/strong>\u2013 obligations en mati\u00e8re de signalement, sanctions pour les mauvais traitements<\/li>\n<\/ol>\n<p>[\/et_pb_text][\/et_pb_column][\/et_pb_row][\/et_pb_section][et_pb_section fb_built=\u00a0\u00bb1&Prime; inner_shadow=\u00a0\u00bbon\u00a0\u00bb module_id=\u00a0\u00bbfootnote\u00a0\u00bb _builder_version=\u00a0\u00bb3.22&Prime; use_background_color_gradient=\u00a0\u00bbon\u00a0\u00bb background_color_gradient_start=\u00a0\u00bb#ffffff\u00a0\u00bb background_color_gradient_end=\u00a0\u00bb#ededed\u00a0\u00bb background_color_gradient_type=\u00a0\u00bbradial\u00a0\u00bb background_color_gradient_start_position=\u00a0\u00bb53%\u00a0\u00bb custom_padding=\u00a0\u00bb20px||20px|\u00a0\u00bb][et_pb_row column_structure=\u00a0\u00bb1_2,1_4,1_4&Prime; _builder_version=\u00a0\u00bb3.25&Prime;][et_pb_column type=\u00a0\u00bb1_2&Prime; _builder_version=\u00a0\u00bb3.25&Prime; custom_padding=\u00a0\u00bb|||\u00a0\u00bb custom_padding__hover=\u00a0\u00bb|||\u00a0\u00bb][\/et_pb_column][et_pb_column type=\u00a0\u00bb1_4&Prime; _builder_version=\u00a0\u00bb3.25&Prime; custom_padding=\u00a0\u00bb|||\u00a0\u00bb custom_padding__hover=\u00a0\u00bb|||\u00a0\u00bb][\/et_pb_column][et_pb_column type=\u00a0\u00bb1_4&Prime; _builder_version=\u00a0\u00bb3.25&Prime; custom_padding=\u00a0\u00bb|||\u00a0\u00bb custom_padding__hover=\u00a0\u00bb|||\u00a0\u00bb][et_pb_button button_url=\u00a0\u00bbhttps:\/\/abuse.crto.on.ca\/fr\/standard-1-2\/\u00a0\u00bb button_text=\u00a0\u00bbSuivant\u00a0\u00bb button_alignment=\u00a0\u00bbleft\u00a0\u00bb admin_label=\u00a0\u00bbNext\u00a0\u00bb _builder_version=\u00a0\u00bb4.6.6&Prime; animation_style=\u00a0\u00bbfade\u00a0\u00bb button_text_size__hover_enabled=\u00a0\u00bboff\u00a0\u00bb button_one_text_size__hover_enabled=\u00a0\u00bboff\u00a0\u00bb button_two_text_size__hover_enabled=\u00a0\u00bboff\u00a0\u00bb button_text_color__hover_enabled=\u00a0\u00bboff\u00a0\u00bb button_one_text_color__hover_enabled=\u00a0\u00bboff\u00a0\u00bb button_two_text_color__hover_enabled=\u00a0\u00bboff\u00a0\u00bb button_border_width__hover_enabled=\u00a0\u00bboff\u00a0\u00bb button_one_border_width__hover_enabled=\u00a0\u00bboff\u00a0\u00bb button_two_border_width__hover_enabled=\u00a0\u00bboff\u00a0\u00bb button_border_color__hover_enabled=\u00a0\u00bboff\u00a0\u00bb button_one_border_color__hover_enabled=\u00a0\u00bboff\u00a0\u00bb button_two_border_color__hover_enabled=\u00a0\u00bboff\u00a0\u00bb button_border_radius__hover_enabled=\u00a0\u00bboff\u00a0\u00bb button_one_border_radius__hover_enabled=\u00a0\u00bboff\u00a0\u00bb button_two_border_radius__hover_enabled=\u00a0\u00bboff\u00a0\u00bb button_letter_spacing__hover_enabled=\u00a0\u00bboff\u00a0\u00bb button_one_letter_spacing__hover_enabled=\u00a0\u00bboff\u00a0\u00bb button_two_letter_spacing__hover_enabled=\u00a0\u00bboff\u00a0\u00bb button_bg_color__hover_enabled=\u00a0\u00bboff\u00a0\u00bb button_one_bg_color__hover_enabled=\u00a0\u00bboff\u00a0\u00bb button_two_bg_color__hover_enabled=\u00a0\u00bboff\u00a0\u00bb][\/et_pb_button][\/et_pb_column][\/et_pb_row][\/et_pb_section]<\/p>\n","protected":false},"excerpt":{"rendered":"<p>INTRODUCTIONLa Loi sur les professions de la sant\u00e9 r\u00e9glement\u00e9es (LPSR) exige que tous les ordres r\u00e9glementant une profession de la sant\u00e9 en Ontario se dotent de mesures pour pr\u00e9venir et g\u00e9rer les mauvais traitements d\u2019ordre sexuel inflig\u00e9s aux patients\/clients et pour encourager le signalement de ces mauvais traitements. Bien que cette disposition de la LPSR [&hellip;]<\/p>\n","protected":false},"author":2,"featured_media":0,"parent":0,"menu_order":0,"comment_status":"closed","ping_status":"closed","template":"","meta":{"_et_pb_use_builder":"on","_et_pb_old_content":"","_et_gb_content_width":"","footnotes":""},"class_list":["post-1932","page","type-page","status-publish","hentry"],"yoast_head":"<!-- This site is optimized with the Yoast SEO plugin v26.9 - https:\/\/yoast.com\/product\/yoast-seo-wordpress\/ -->\n<title>Introduction - Abuse Awareness &amp; Prevention<\/title>\n<meta name=\"robots\" content=\"index, follow, max-snippet:-1, max-image-preview:large, max-video-preview:-1\" \/>\n<link rel=\"canonical\" href=\"https:\/\/abuse.crto.on.ca\/fr\/introduction\/\" \/>\n<meta property=\"og:locale\" content=\"fr_FR\" \/>\n<meta property=\"og:type\" content=\"article\" \/>\n<meta property=\"og:title\" content=\"Introduction - Abuse Awareness &amp; Prevention\" \/>\n<meta property=\"og:description\" content=\"INTRODUCTIONLa Loi sur les professions de la sant\u00e9 r\u00e9glement\u00e9es (LPSR) exige que tous les ordres r\u00e9glementant une profession de la sant\u00e9 en Ontario se dotent de mesures pour pr\u00e9venir et g\u00e9rer les mauvais traitements d\u2019ordre sexuel inflig\u00e9s aux patients\/clients et pour encourager le signalement de ces mauvais traitements. Bien que cette disposition de la LPSR [&hellip;]\" \/>\n<meta property=\"og:url\" content=\"https:\/\/abuse.crto.on.ca\/fr\/introduction\/\" \/>\n<meta property=\"og:site_name\" content=\"Abuse Awareness &amp; Prevention\" \/>\n<meta property=\"article:modified_time\" content=\"2021-01-11T17:25:04+00:00\" \/>\n<meta name=\"twitter:card\" content=\"summary_large_image\" \/>\n<meta name=\"twitter:label1\" content=\"Est. reading time\" \/>\n\t<meta name=\"twitter:data1\" content=\"4 minutes\" \/>\n<script type=\"application\/ld+json\" class=\"yoast-schema-graph\">{\"@context\":\"https:\/\/schema.org\",\"@graph\":[{\"@type\":\"WebPage\",\"@id\":\"https:\/\/abuse.crto.on.ca\/fr\/introduction\/\",\"url\":\"https:\/\/abuse.crto.on.ca\/fr\/introduction\/\",\"name\":\"Introduction - Abuse Awareness &amp; Prevention\",\"isPartOf\":{\"@id\":\"https:\/\/abuse.crto.on.ca\/#website\"},\"datePublished\":\"2021-01-11T17:25:00+00:00\",\"dateModified\":\"2021-01-11T17:25:04+00:00\",\"breadcrumb\":{\"@id\":\"https:\/\/abuse.crto.on.ca\/fr\/introduction\/#breadcrumb\"},\"inLanguage\":\"fr-FR\",\"potentialAction\":[{\"@type\":\"ReadAction\",\"target\":[\"https:\/\/abuse.crto.on.ca\/fr\/introduction\/\"]}]},{\"@type\":\"BreadcrumbList\",\"@id\":\"https:\/\/abuse.crto.on.ca\/fr\/introduction\/#breadcrumb\",\"itemListElement\":[{\"@type\":\"ListItem\",\"position\":1,\"name\":\"Home\",\"item\":\"https:\/\/abuse.crto.on.ca\/fr\/\"},{\"@type\":\"ListItem\",\"position\":2,\"name\":\"Introduction\"}]},{\"@type\":\"WebSite\",\"@id\":\"https:\/\/abuse.crto.on.ca\/#website\",\"url\":\"https:\/\/abuse.crto.on.ca\/\",\"name\":\"Abuse Awareness &amp; Prevention\",\"description\":\"Professional Practice Guidelines\",\"potentialAction\":[{\"@type\":\"SearchAction\",\"target\":{\"@type\":\"EntryPoint\",\"urlTemplate\":\"https:\/\/abuse.crto.on.ca\/?s={search_term_string}\"},\"query-input\":{\"@type\":\"PropertyValueSpecification\",\"valueRequired\":true,\"valueName\":\"search_term_string\"}}],\"inLanguage\":\"fr-FR\"}]}<\/script>\n<!-- \/ Yoast SEO plugin. -->","yoast_head_json":{"title":"Introduction - Abuse Awareness &amp; Prevention","robots":{"index":"index","follow":"follow","max-snippet":"max-snippet:-1","max-image-preview":"max-image-preview:large","max-video-preview":"max-video-preview:-1"},"canonical":"https:\/\/abuse.crto.on.ca\/fr\/introduction\/","og_locale":"fr_FR","og_type":"article","og_title":"Introduction - Abuse Awareness &amp; Prevention","og_description":"INTRODUCTIONLa Loi sur les professions de la sant\u00e9 r\u00e9glement\u00e9es (LPSR) exige que tous les ordres r\u00e9glementant une profession de la sant\u00e9 en Ontario se dotent de mesures pour pr\u00e9venir et g\u00e9rer les mauvais traitements d\u2019ordre sexuel inflig\u00e9s aux patients\/clients et pour encourager le signalement de ces mauvais traitements. Bien que cette disposition de la LPSR [&hellip;]","og_url":"https:\/\/abuse.crto.on.ca\/fr\/introduction\/","og_site_name":"Abuse Awareness &amp; Prevention","article_modified_time":"2021-01-11T17:25:04+00:00","twitter_card":"summary_large_image","twitter_misc":{"Est. reading time":"4 minutes"},"schema":{"@context":"https:\/\/schema.org","@graph":[{"@type":"WebPage","@id":"https:\/\/abuse.crto.on.ca\/fr\/introduction\/","url":"https:\/\/abuse.crto.on.ca\/fr\/introduction\/","name":"Introduction - Abuse Awareness &amp; Prevention","isPartOf":{"@id":"https:\/\/abuse.crto.on.ca\/#website"},"datePublished":"2021-01-11T17:25:00+00:00","dateModified":"2021-01-11T17:25:04+00:00","breadcrumb":{"@id":"https:\/\/abuse.crto.on.ca\/fr\/introduction\/#breadcrumb"},"inLanguage":"fr-FR","potentialAction":[{"@type":"ReadAction","target":["https:\/\/abuse.crto.on.ca\/fr\/introduction\/"]}]},{"@type":"BreadcrumbList","@id":"https:\/\/abuse.crto.on.ca\/fr\/introduction\/#breadcrumb","itemListElement":[{"@type":"ListItem","position":1,"name":"Home","item":"https:\/\/abuse.crto.on.ca\/fr\/"},{"@type":"ListItem","position":2,"name":"Introduction"}]},{"@type":"WebSite","@id":"https:\/\/abuse.crto.on.ca\/#website","url":"https:\/\/abuse.crto.on.ca\/","name":"Abuse Awareness &amp; Prevention","description":"Professional Practice Guidelines","potentialAction":[{"@type":"SearchAction","target":{"@type":"EntryPoint","urlTemplate":"https:\/\/abuse.crto.on.ca\/?s={search_term_string}"},"query-input":{"@type":"PropertyValueSpecification","valueRequired":true,"valueName":"search_term_string"}}],"inLanguage":"fr-FR"}]}},"_links":{"self":[{"href":"https:\/\/abuse.crto.on.ca\/fr\/wp-json\/wp\/v2\/pages\/1932","targetHints":{"allow":["GET"]}}],"collection":[{"href":"https:\/\/abuse.crto.on.ca\/fr\/wp-json\/wp\/v2\/pages"}],"about":[{"href":"https:\/\/abuse.crto.on.ca\/fr\/wp-json\/wp\/v2\/types\/page"}],"author":[{"embeddable":true,"href":"https:\/\/abuse.crto.on.ca\/fr\/wp-json\/wp\/v2\/users\/2"}],"replies":[{"embeddable":true,"href":"https:\/\/abuse.crto.on.ca\/fr\/wp-json\/wp\/v2\/comments?post=1932"}],"version-history":[{"count":2,"href":"https:\/\/abuse.crto.on.ca\/fr\/wp-json\/wp\/v2\/pages\/1932\/revisions"}],"predecessor-version":[{"id":1934,"href":"https:\/\/abuse.crto.on.ca\/fr\/wp-json\/wp\/v2\/pages\/1932\/revisions\/1934"}],"wp:attachment":[{"href":"https:\/\/abuse.crto.on.ca\/fr\/wp-json\/wp\/v2\/media?parent=1932"}],"curies":[{"name":"wp","href":"https:\/\/api.w.org\/{rel}","templated":true}]}}